{"id":8,"date":"2011-07-25T19:27:18","date_gmt":"2011-07-25T17:27:18","guid":{"rendered":"http:\/\/www.handball-kaldenkirchen.de\/wordpress\/?page_id=8"},"modified":"2025-09-07T16:25:56","modified_gmt":"2025-09-07T14:25:56","slug":"abteilungsvorstand","status":"publish","type":"page","link":"http:\/\/www.handball-kaldenkirchen.de\/wordpress\/?page_id=8","title":{"rendered":"Vorstand\/Ansprechpartner"},"content":{"rendered":"<p>&nbsp;<\/p>\n<p style=\"text-align: left;\" align=\"center\"><strong>Ansprechpartner TSV Kaldenkirchen-Handball<\/strong><\/p>\n<table style=\"width: 56.8565%; height: 1296px;\" border=\"1\" cellspacing=\"0\" cellpadding=\"0\">\n<tbody>\n<tr style=\"height: 144px;\">\n<td style=\"height: 144px;\" valign=\"top\" width=\"347\"><strong>Abteilungsleiter Handball:<\/strong><\/td>\n<td style=\"height: 144px;\" valign=\"top\" width=\"435\"><strong>Friedbert Jan\u00dfen<br \/>\n<\/strong> Bachstr. 5<br \/>\n41334 Nettetal<br \/>\nTel. 02157-811771<br \/>\nMobil: 0176-61924808<br \/>\ne-Mail: <a href=\"mailto:Friedbert-Janssen-TSV@t-online.de\">Friedbert-Janssen-TSV@t-online.de<\/a><\/td>\n<\/tr>\n<tr style=\"height: 72px;\">\n<td style=\"height: 72px;\" valign=\"top\" width=\"347\"><strong>1. Gesch\u00e4ftsf\u00fchrer Spielbetrieb<\/strong><\/td>\n<td style=\"height: 72px;\" valign=\"top\" width=\"435\"><strong>Uwe Hartstock<br \/>\n<\/strong>Tel.: 02157-899864<br \/>\ne-Mail: <a href=\"mailto:hartstock-tsv@web.de\">hartstock-tsv@web.de<\/a><\/td>\n<\/tr>\n<tr style=\"height: 72px;\">\n<td style=\"height: 72px;\" valign=\"top\" width=\"347\"><strong>2. Gesch\u00e4ftsf\u00fchrer Finanzen und Pressewart:<\/strong><\/td>\n<td style=\"height: 72px;\" valign=\"top\" width=\"435\"><strong>Friedbert Jan\u00dfen<\/strong><br \/>\nTel. 02157-811771<br \/>\ne-Mail:<a href=\"mailto:Friedbert-Janssen-TSV@t-online.de\"> Friedbert-Janssen-TSV@t-online.de<\/a><\/td>\n<\/tr>\n<tr style=\"height: 72px;\">\n<td style=\"height: 72px;\" valign=\"top\" width=\"347\"><strong>M\u00e4nnerwart:<\/strong><\/td>\n<td style=\"height: 72px;\" valign=\"top\" width=\"435\"><strong>Friedbert Jan\u00dfen<br \/>\n<\/strong> Bachstr. 5<br \/>\n41334 Nettetal<br \/>\nTel. 02157-811771<br \/>\nMobil: 0176-61924808<br \/>\ne-Mail: <a href=\"mailto:Friedbert-Janssen-TSV@t-online.de\">Friedbert-Janssen-TSV@t-online.de<\/a><\/td>\n<\/tr>\n<tr style=\"height: 120px;\">\n<td style=\"height: 120px;\" valign=\"top\" width=\"347\"><strong>Frauenwart:<\/strong><\/td>\n<td style=\"height: 120px;\" valign=\"top\" width=\"435\"><strong>Jochem Herrmann<\/strong><br \/>\nTel. 02157-1255688<br \/>\ne-Mail: <a href=\"mailto:jherrmann-tsv@freenet.de\">jherrmann-tsv@freenet.de<\/a><\/td>\n<\/tr>\n<tr style=\"height: 72px;\">\n<td style=\"height: 72px;\" valign=\"top\" width=\"347\"><strong>Jungenwart:<\/strong><\/td>\n<td style=\"height: 72px;\" valign=\"top\" width=\"435\"><strong>Christian Nielebock<\/strong><br \/>\nTel. 0162-7968174<br \/>\ne-Mail: <a href=\"mailto:TSV-Kaldenkirchen@nielebock-online.de\">TSV-Kaldenkirchen@nielebock-online.de<\/a><\/td>\n<\/tr>\n<tr style=\"height: 144px;\">\n<td style=\"height: 144px;\" valign=\"top\" width=\"347\"><strong>M\u00e4dchenwart:<\/strong><\/td>\n<td style=\"height: 144px;\" valign=\"top\" width=\"435\"><strong>Marion Al-Bayati<\/strong><br \/>\nMobil: 0175-5236789<br \/>\ne-Mail: <a style=\"font-family: inherit; font-size: inherit;\" href=\"mailto:marion.albayati@gmail.com\">marion.albayati@gmail.com<\/a><br \/>\n<strong>Lorena Hegholz<\/strong><br \/>\nTel. 0160-97249297<br \/>\ne-Mail: <a href=\"mailto:lorena.hegholz@web.de\">lorena.hegholz@web.de<\/a><\/td>\n<\/tr>\n<tr style=\"height: 96px;\">\n<td style=\"height: 96px;\" valign=\"top\" width=\"347\"><strong>Nuliga Vereinsadministrator:<\/strong><\/td>\n<td style=\"height: 96px;\" valign=\"top\" width=\"435\"><strong>Frank Thieme<br \/>\n<\/strong>Mobil: 0162-3899577<br \/>\ne-Mail: <a href=\"mailto:Thieme_TSV-Kaldenkirchen@web.de\">Thieme_TSV-Kaldenkirchen@web.de<\/a><\/td>\n<\/tr>\n<tr style=\"height: 72px;\">\n<td style=\"height: 72px;\" valign=\"top\" width=\"347\"><strong>Jugendkassierer:<\/strong><\/td>\n<td style=\"height: 72px;\" valign=\"top\" width=\"435\"><strong>Janine Mora<\/strong><br \/>\nMobil: 01578-5433216<br \/>\ne-Mail: <a href=\"mailto:janinemora@web.de\">janinemora@web.de<\/a><\/td>\n<\/tr>\n<tr style=\"height: 168px;\">\n<td style=\"height: 168px;\" valign=\"top\" width=\"347\"><strong>Internet Verantwortliche:<\/strong><\/td>\n<td style=\"height: 168px;\" valign=\"top\" width=\"435\"><strong>Jochen Scheel<\/strong><br \/>\nTel.: 02157-1344819<br \/>\ne-Mail: <a href=\"mailto:jochen@familie-scheel.net\">jochen@familie-scheel.net<\/a><br \/>\nund<br \/>\n<strong>Frank Thieme<\/strong><br \/>\nMobil: 0162-3899577<br \/>\ne-Mail: <a href=\"mailto:Thieme_TSV-Kaldenkirchen@web.de\">Thieme_TSV-Kaldenkirchen@web.de<\/a><\/td>\n<\/tr>\n<tr style=\"height: 144px;\">\n<td style=\"height: 144px;\" valign=\"top\" width=\"347\"><strong>Schiedsrichterwart:<\/strong><\/td>\n<td style=\"height: 144px;\" valign=\"top\" width=\"435\"><strong>Jonas Welfens<\/strong><br \/>\nMobil: 0160-95570516<br \/>\ne- Mail: <a href=\"Mailto:jonaswelfens2004@gmail.com\">jonaswelfens2004@gmail.com<\/a><\/td>\n<\/tr>\n<tr style=\"height: 120px;\">\n<td style=\"height: 120px;\" valign=\"top\" width=\"347\"><strong>Passwart:<\/strong><\/td>\n<td style=\"height: 120px;\" valign=\"top\" width=\"435\"><strong>Friedbert Jan\u00dfen<\/strong><br \/>\nTel. 02157-811771<br \/>\ne-Mail:<a href=\"mailto:Friedbert-Janssen-TSV@t-online.de\"> Friedbert-Janssen-TSV@t-online.de<\/a><\/td>\n<\/tr>\n<\/tbody>\n<\/table>\n<p>&nbsp;<\/p>\n<p><strong>Der offizielle Ansprechpartner und Adresse<br \/>\n<\/strong><\/p>\n<p>Die TSV Kaldenkirchen &#8211; Handball Vereinsadresse und der Ansprechpartner in offiziellen Angelegenheiten ist:<\/p>\n<p><strong>Friedbert Jan\u00dfen<br \/>\n<\/strong> Bachstr. 5<br \/>\n41334 Nettetal<br \/>\nTel. 02157-811771<br \/>\nMobil: 0176-61924808<br \/>\ne-Mail: <a href=\"mailto:Friedbert-Janssen-TSV@t-online.de\">Friedbert-Janssen-TSV@t-online.de<\/a><\/p>\n<p>&nbsp;<\/p>\n<p>&nbsp;<\/p>\n<p>&nbsp;<\/p>\n","protected":false},"excerpt":{"rendered":"<p>&nbsp; Ansprechpartner TSV Kaldenkirchen-Handball Abteilungsleiter Handball: Friedbert Jan\u00dfen Bachstr. 5 41334 Nettetal Tel. 02157-811771 Mobil: 0176-61924808 e-Mail: Friedbert-Janssen-TSV@t-online.de 1. Gesch\u00e4ftsf\u00fchrer Spielbetrieb Uwe Hartstock Tel.: 02157-899864 e-Mail: hartstock-tsv@web.de 2. Gesch\u00e4ftsf\u00fchrer Finanzen und Pressewart: Friedbert Jan\u00dfen Tel. 02157-811771 e-Mail: Friedbert-Janssen-TSV@t-online.de M\u00e4nnerwart: Friedbert Jan\u00dfen Bachstr. 5 41334 Nettetal Tel. 02157-811771 Mobil: 0176-61924808 e-Mail: Friedbert-Janssen-TSV@t-online.de Frauenwart: Jochem Herrmann Tel. [&hellip;]<\/p>\n","protected":false},"author":1,"featured_media":0,"parent":2313,"menu_order":1,"comment_status":"closed","ping_status":"closed","template":"","meta":{"ngg_post_thumbnail":0},"_links":{"self":[{"href":"http:\/\/www.handball-kaldenkirchen.de\/wordpress\/index.php?rest_route=\/wp\/v2\/pages\/8"}],"collection":[{"href":"http:\/\/www.handball-kaldenkirchen.de\/wordpress\/index.php?rest_route=\/wp\/v2\/pages"}],"about":[{"href":"http:\/\/www.handball-kaldenkirchen.de\/wordpress\/index.php?rest_route=\/wp\/v2\/types\/page"}],"author":[{"embeddable":true,"href":"http:\/\/www.handball-kaldenkirchen.de\/wordpress\/index.php?rest_route=\/wp\/v2\/users\/1"}],"replies":[{"embeddable":true,"href":"http:\/\/www.handball-kaldenkirchen.de\/wordpress\/index.php?rest_route=%2Fwp%2Fv2%2Fcomments&post=8"}],"version-history":[{"count":112,"href":"http:\/\/www.handball-kaldenkirchen.de\/wordpress\/index.php?rest_route=\/wp\/v2\/pages\/8\/revisions"}],"predecessor-version":[{"id":23310,"href":"http:\/\/www.handball-kaldenkirchen.de\/wordpress\/index.php?rest_route=\/wp\/v2\/pages\/8\/revisions\/23310"}],"up":[{"embeddable":true,"href":"http:\/\/www.handball-kaldenkirchen.de\/wordpress\/index.php?rest_route=\/wp\/v2\/pages\/2313"}],"wp:attachment":[{"href":"http:\/\/www.handball-kaldenkirchen.de\/wordpress\/index.php?rest_route=%2Fwp%2Fv2%2Fmedia&parent=8"}],"curies":[{"name":"wp","href":"https:\/\/api.w.org\/{rel}","templated":true}]}}