{"id":7322,"date":"2013-05-02T16:21:29","date_gmt":"2013-05-02T14:21:29","guid":{"rendered":"http:\/\/www.handball-kaldenkirchen.de\/wordpress\/?page_id=7322"},"modified":"2024-09-22T12:14:31","modified_gmt":"2024-09-22T10:14:31","slug":"jugendpatein","status":"publish","type":"page","link":"http:\/\/www.handball-kaldenkirchen.de\/wordpress\/?page_id=7322","title":{"rendered":"Jugendpate"},"content":{"rendered":"<h3>Habt ihr Lust, unsere Handballjugend zu unterst\u00fctzen?<\/h3>\n<p><strong>Dann werdet Handballjugend-Pate\/in.<\/strong><\/p>\n<p>In der Saison 2013\/14 haben wir das Projekt \u201eJugendpate\u201c erfolgreich gestartet. Dies wollen wir kontinuierlich weiterf\u00fchren. Dabei werden eure Zuwendungen als Jugendpaten ausschlie\u00dflich zur Unterst\u00fctzung\/F\u00f6rderung des Kinder- und Jugendhandballs in unserer Abteilung verwendet, da die Kosten f\u00fcr den Trainings- und Spielbetrieb unserer Kinder\/Jugendlichen allein aus den Mitgliedsbeitr\u00e4gen bei weitem nicht gedeckt werden k\u00f6nnen.<\/p>\n<p><strong>Wie geht das?<\/strong><\/p>\n<p><strong>Ganz einfach.<\/strong><\/p>\n<p>Im Eingangsbereich <span style=\"text-decoration: line-through;\">In<\/span> der H\u00f6lle West (unserer Heimspielhalle in Kaldenkirchen) ist eine Tafel aufgeh\u00e4ngt, auf der ihr \u201cPaten-Felder\u201d (ca. 8 cm x 6 cm) je nach Verf\u00fcgbarkeit erwerben k\u00f6nnt. Jedes Feld ist mit einer Spende in H\u00f6he von 20,- Euro verbunden.<\/p>\n<p>Jedes erworbene Feld wird dann f\u00fcr eine Saison mit eurem Eintrag oder eurer Werbung gestaltet. Ist eure Spende eingegangen (Kontodaten untenstehend), werden die gew\u00e4hlten Felder mit euren Eintr\u00e4gen auf der Tafel belegt. Die Tafel wird zudem auf den Internetseiten des TSV Kaldenkirchen Handball ver\u00f6ffentlicht. Wer keine Ver\u00f6ffentlichung im Internet w\u00fcnscht, teilt das bitte mit.<\/p>\n<p>Mitmachen kann also jeder, der unsere Handballjugend unterst\u00fctzen m\u00f6chte. Wir versuchen allen euren W\u00fcnschen nachzukommen.<\/p>\n<p>Hier ein Beispiel, wie unsere Wand aussieht:<\/p>\n<p><b>&nbsp; ngg_shortcode_0_placeholder<br \/>\n<\/b><\/p>\n<p>Wendet euch bei Interesse f\u00fcr weitere Infos und R\u00fcckfragen bitte an: jherrmann-tsv@freenet.de (Jochem Herrmann) Wenn ihr es nicht \u00fcber diesen Weg machen wollt oder k\u00f6nnt, sprecht uns Betreuer:innen oder Verantwortliche einfach an (z.B. in der Halle).<\/p>\n<p>Unsere Kontodaten:<\/p>\n<table border=\"0\">\n<tbody>\n<tr>\n<td>IBAN:<\/td>\n<td>DE36320603620012003013<\/td>\n<\/tr>\n<tr>\n<td>BIC:<\/td>\n<td>GENODED1HTK<\/td>\n<\/tr>\n<tr>\n<td>Name der Bank:<\/td>\n<td>Volksbank Krefeld eG<\/td>\n<\/tr>\n<tr>\n<td>Kontoinhaber:<\/td>\n<td>TSV Kaldenkirchen<\/td>\n<\/tr>\n<tr>\n<td>Verwendungszweck:<\/td>\n<td>Spende Jugendpate 2023\/24 -Feld xx-Name<\/td>\n<\/tr>\n<\/tbody>\n<\/table>\n<p style=\"text-align: left;\">Vielen Dank.<br \/>\nEuer Handball-Jugendvorstand<\/p>\n<p>&nbsp;<\/p>\n","protected":false},"excerpt":{"rendered":"<p>Habt ihr Lust, unsere Handballjugend zu unterst\u00fctzen? Dann werdet Handballjugend-Pate\/in. In der Saison 2013\/14 haben wir das Projekt \u201eJugendpate\u201c erfolgreich gestartet. Dies wollen wir kontinuierlich weiterf\u00fchren. Dabei werden eure Zuwendungen als Jugendpaten ausschlie\u00dflich zur Unterst\u00fctzung\/F\u00f6rderung des Kinder- und Jugendhandballs in unserer Abteilung verwendet, da die Kosten f\u00fcr den Trainings- und Spielbetrieb unserer Kinder\/Jugendlichen allein aus [&hellip;]<\/p>\n","protected":false},"author":3,"featured_media":0,"parent":0,"menu_order":4,"comment_status":"closed","ping_status":"closed","template":"","meta":{"ngg_post_thumbnail":0},"_links":{"self":[{"href":"http:\/\/www.handball-kaldenkirchen.de\/wordpress\/index.php?rest_route=\/wp\/v2\/pages\/7322"}],"collection":[{"href":"http:\/\/www.handball-kaldenkirchen.de\/wordpress\/index.php?rest_route=\/wp\/v2\/pages"}],"about":[{"href":"http:\/\/www.handball-kaldenkirchen.de\/wordpress\/index.php?rest_route=\/wp\/v2\/types\/page"}],"author":[{"embeddable":true,"href":"http:\/\/www.handball-kaldenkirchen.de\/wordpress\/index.php?rest_route=\/wp\/v2\/users\/3"}],"replies":[{"embeddable":true,"href":"http:\/\/www.handball-kaldenkirchen.de\/wordpress\/index.php?rest_route=%2Fwp%2Fv2%2Fcomments&post=7322"}],"version-history":[{"count":90,"href":"http:\/\/www.handball-kaldenkirchen.de\/wordpress\/index.php?rest_route=\/wp\/v2\/pages\/7322\/revisions"}],"predecessor-version":[{"id":22954,"href":"http:\/\/www.handball-kaldenkirchen.de\/wordpress\/index.php?rest_route=\/wp\/v2\/pages\/7322\/revisions\/22954"}],"wp:attachment":[{"href":"http:\/\/www.handball-kaldenkirchen.de\/wordpress\/index.php?rest_route=%2Fwp%2Fv2%2Fmedia&parent=7322"}],"curies":[{"name":"wp","href":"https:\/\/api.w.org\/{rel}","templated":true}]}}