{"id":46,"date":"2011-07-27T18:01:42","date_gmt":"2011-07-27T16:01:42","guid":{"rendered":"http:\/\/www.handball-kaldenkirchen.de\/wordpress\/?page_id=46"},"modified":"2023-06-13T11:00:56","modified_gmt":"2023-06-13T09:00:56","slug":"impressum-2","status":"publish","type":"page","link":"http:\/\/www.handball-kaldenkirchen.de\/wordpress\/?page_id=46","title":{"rendered":"Impressum\/Datenschutz"},"content":{"rendered":"<p><span style=\"color: #0000ff;\"><strong>Vereinsfarben: <\/strong>blau-wei\u00df <\/span><\/p>\n<p><span style=\"color: #0000ff;\"><strong>Vereinsanlage:<\/strong> Jahnkampfbahn, Buschstr. 36, 41334 Nettetal <\/span><\/p>\n<p><span style=\"color: #0000ff;\"><strong>Vereinsanschrift:<\/strong> TSV Kaldenkirchen 1885\/07 e.V., Postfach 2471, 41334 Nettetal<\/span><\/p>\n<p><span style=\"color: #0000ff;\"><strong>eMail Handballabteilung:<\/strong> <a href=\"Friedbert-Janssen-TSV@t-online.de\">Friedbert-Janssen-TSV@t-online.de<\/a><\/span><\/p>\n<p><span style=\"color: #0000ff;\">&nbsp;&nbsp;&nbsp;&nbsp;&nbsp;&nbsp;&nbsp;&nbsp;&nbsp;&nbsp;&nbsp; oder&nbsp;&nbsp;&nbsp;&nbsp;&nbsp;&nbsp;&nbsp;&nbsp;&nbsp;&nbsp;&nbsp;&nbsp;&nbsp;&nbsp;&nbsp;&nbsp;&nbsp;&nbsp;&nbsp;&nbsp;&nbsp;&nbsp; <a href=\"mailto:webmaster@handball-kaldenkirchen.de\">webmaster@handball-kaldenkirchen.de<\/a><\/span><\/p>\n<p>&nbsp;<\/p>\n<h2><span style=\"color: #0000ff;\">Haftungsausschluss:<\/span><\/h2>\n<p><span style=\"color: #0000ff;\"><strong>Haftung f\u00fcr Inhalte<\/strong><\/span><\/p>\n<p>Die Inhalte unserer Seiten wurden mit gr\u00f6\u00dfter Sorgfalt erstellt. F\u00fcr die Richtigkeit, Vollst\u00e4ndigkeit und Aktualit\u00e4t der Inhalte k\u00f6nnen wir jedoch keine Gew\u00e4hr \u00fcbernehmen. Als Diensteanbieter sind wir gem\u00e4\u00df \u00a7 7 Abs.1 TMG f\u00fcr eigene Inhalte auf diesen Seiten nach den allgemeinen Gesetzen verantwortlich. Nach \u00a7\u00a7 8 bis 10 TMG sind wir als Diensteanbieter jedoch nicht verpflichtet, \u00fcbermittelte oder gespeicherte fremde Informationen zu \u00fcberwachen oder nach Umst\u00e4nden zu forschen, die auf eine rechtswidrige T\u00e4tigkeit hinweisen. Verpflichtungen zur Entfernung oder Sperrung der Nutzung von Informationen nach den allgemeinen Gesetzen bleiben hiervon unber\u00fchrt. Eine diesbez\u00fcgliche Haftung ist jedoch erst ab dem Zeitpunkt der Kenntnis einer konkreten Rechtsverletzung m\u00f6glich. Bei Bekanntwerden von entsprechenden Rechtsverletzungen werden wir diese Inhalte umgehend entfernen.<\/p>\n<p><span style=\"color: #0000ff;\"><strong>Haftung f\u00fcr Links<\/strong><\/span><\/p>\n<p>Unser Angebot enth\u00e4lt Links zu externen Webseiten Dritter, auf deren Inhalte wir keinen Einfluss haben. Deshalb k\u00f6nnen wir f\u00fcr diese fremden Inhalte auch keine Gew\u00e4hr \u00fcbernehmen. F\u00fcr die Inhalte der verlinkten Seiten ist stets der jeweilige Anbieter oder Betreiber der Seiten verantwortlich. Die verlinkten Seiten wurden zum Zeitpunkt der Verlinkung auf m\u00f6gliche Rechtsverst\u00f6\u00dfe \u00fcberpr\u00fcft. Rechtswidrige Inhalte waren zum Zeitpunkt der Verlinkung nicht erkennbar. Eine permanente inhaltliche Kontrolle der verlinkten Seiten ist jedoch ohne konkrete Anhaltspunkte einer Rechtsverletzung nicht zumutbar. Bei Bekanntwerden von Rechtsverletzungen werden wir derartige Links umgehend entfernen.<\/p>\n<p><span style=\"color: #0000ff;\"><strong>Urheberrecht<\/strong><\/span><\/p>\n<p>Die durch die Seitenbetreiber erstellten Inhalte und Werke auf diesen Seiten unterliegen dem deutschen Urheberrecht. Die Vervielf\u00e4ltigung, Bearbeitung, Verbreitung und jede Art der Verwertung au\u00dferhalb der Grenzen des Urheberrechtes bed\u00fcrfen der schriftlichen Zustimmung des jeweiligen Autors bzw. Erstellers. Downloads und Kopien dieser Seite sind nur f\u00fcr den privaten, nicht kommerziellen Gebrauch gestattet. Soweit die Inhalte auf dieser Seite nicht vom Betreiber erstellt wurden, werden die Urheberrechte Dritter beachtet. Insbesondere werden Inhalte Dritter als solche gekennzeichnet. Sollten Sie trotzdem auf eine Urheberrechtsverletzung aufmerksam werden, bitten wir um einen entsprechenden Hinweis. Bei Bekanntwerden von Rechtsverletzungen werden wir derartige Inhalte umgehend entfernen.<\/p>\n<p><span style=\"color: #0000ff;\"><strong>Datenschutz<\/strong><\/span><\/p>\n<p>&nbsp;<strong>Der TSV 1885\/07 Kaldenkirchen e.V. gibt sich f\u00fcr seine Mitglieder folgende Richtlinien f\u00fcr die Bearbeitung von Informationspflichten nach Artikel 13 und 14 DSGVO:<\/strong><\/p>\n<p><span style=\"font-size: 10pt;\">Nach Artikel 13 und 14 EU-DSGVO hat der Verantwortliche einer betroffenen Person, deren Daten er verarbeitet, die in den Artikeln genannten Informationen bereit zu stellen. Dieser Informationspflicht kommt der TSV Kaldenkirchen gem\u00e4\u00df folgender Richtlinien nach.&nbsp;<\/span><\/p>\n<ol>\n<li><span style=\"font-size: 10pt;\">Namen und Kontaktdaten des Verantwortlichen sowie gegebenenfalls seiner Vertreter:<\/span><\/li>\n<\/ol>\n<p><span style=\"font-size: 10pt;\">TSV Kaldenkirchen 1885\/07 e.V., Buschstr. 36, 41334 Nettetal, gesetzlich vertreten durch den Vorstand nach \u00a7 26 BGB, Herr Dr. Paul Schr\u00f6mbges und Herr J\u00fcrgen F\u00e4rvers; E-Mail: dr.schroembges@t-online.de<\/span><\/p>\n<ol start=\"2\">\n<li><span style=\"font-size: 10pt;\">Zwecke, f\u00fcr die personenbezogenen Daten verarbeitet werden:<\/span><\/li>\n<\/ol>\n<p><span style=\"font-size: 10pt;\">Die personenbezogenen Daten werden f\u00fcr die Durchf\u00fchrung des Mitgliedschaftsverh\u00e4ltnisses verarbeitet (z.B. Einladung zu Versammlungen, Beitragseinzug, Organisation des Sportbetriebes).<\/span><\/p>\n<p><span style=\"font-size: 10pt;\">Ferner werden personenbezogene Daten zur Teilnahme am Wettkampf-, Turnier- und Spielbetrieb der Landesfachverb\u00e4nde an diese weitergeleitet.<\/span><\/p>\n<p><span style=\"font-size: 10pt;\">Dar\u00fcber hinaus werden personenbezogene Daten im Zusammenhang mit sportlichen Ereignissen einschlie\u00dflich der Berichterstattung hier\u00fcber auf der Internetseite des Vereins, in Auftritten des Vereins in Sozialen Medien sowie auf Seiten der Fachverb\u00e4nde ver\u00f6ffentlicht und an lokale, regionale und \u00fcberregionale Printmedien \u00fcbermittelt. <\/span><\/p>\n<ol start=\"3\">\n<li><span style=\"font-size: 10pt;\">Rechtsgrundlagen, auf Grund derer die Verarbeitung erfolgt:<\/span><\/li>\n<\/ol>\n<p><span style=\"font-size: 10pt;\">Die Verarbeitung der personenbezogenen Daten erfolgt in der Regel aufgrund der Erforderlichkeit zur Erf\u00fcllung eines Vertrages gem\u00e4\u00df Artikel 6 Abs. 1 lit. b) DSGVO. Bei den Vertragsverh\u00e4ltnissen handelt es sich in erster Linie um das Mitgliedschaftsverh\u00e4ltnis im Verein und um die Teilnahme am Spielbetrieb der Fachverb\u00e4nde. <\/span><\/p>\n<p><span style=\"font-size: 10pt;\">Werden personenbezogene Daten erhoben, ohne dass die Verarbeitung zur Erf\u00fcllung des Vertrages erforderlich ist, erfolgt die Verarbeitung aufgrund einer Einwilligung nach Artikel 6 Abs. 1 lit. a) i.V.m. Artikel 7 DSGVO. <\/span><\/p>\n<p><span style=\"font-size: 10pt;\">Die Ver\u00f6ffentlichung personenbezogener Daten im Internet oder in lokalen, regionalen oder \u00fcberregionalen Printmedien erfolgt zur Wahrung berechtigter Interessen des Vereins (vgl. Artikel 6 Abs. 1 lit. f) DSGVO). Das berechtigte Interesse des Vereins besteht in der Information der \u00d6ffentlichkeit durch Berichtserstattung \u00fcber die Aktivit\u00e4ten des Vereins. In diesem Rahmen werden personenbezogene Daten einschlie\u00dflich von Bildern der Teilnehmer zum Beispiel im Rahmen der Berichterstattung \u00fcber sportliche Ereignisse des Vereins ver\u00f6ffentlicht. <\/span><\/p>\n<ol start=\"4\">\n<li><span style=\"font-size: 10pt;\">Die Empf\u00e4nger oder Kategorien von Empf\u00e4ngern der personenbezogenen Daten:<\/span><\/li>\n<\/ol>\n<p><span style=\"font-size: 10pt;\">Personenbezogene Daten der Mitglieder, die am Spiel- und Wettkampfbetrieb der Landesfachverb\u00e4nde teilnehmen, werden zum Erwerb einer Lizenz, einer Wertungskarte, eines Spielerpasses oder sonstiger Teilnahmeberechtigung an den jeweiligen Landesfachverband weitergegeben. <\/span><\/p>\n<p><span style=\"font-size: 10pt;\">Die Daten der Bankverbindung der Mitglieder werden zum Zwecke des Beitragseinzugs an die Volksbank Krefeld weitergeleitet. <\/span><\/p>\n<ol start=\"5\">\n<li><span style=\"font-size: 10pt;\">Die Dauer, f\u00fcr die die personenbezogenen Daten gespeichert werden oder, falls dies nicht m\u00f6glich ist, die Kriterien f\u00fcr die Festlegung der Dauer:<\/span><\/li>\n<\/ol>\n<p><span style=\"font-size: 10pt;\">Die personenbezogenen Daten werden f\u00fcr die Dauer der Mitgliedschaft gespeichert. <\/span><\/p>\n<p><span style=\"font-size: 10pt;\">Mit Beendigung der Mitgliedschaft werden die Datenkategorien gem\u00e4\u00df den gesetzlichen Aufbewahrungsfristen weitere zehn Jahre vorgehalten und dann gel\u00f6scht. In der Zeit zwischen Beendigung der Mitgliedschaft und der L\u00f6schung wird die Verarbeitung dieser Daten eingeschr\u00e4nkt. <\/span><\/p>\n<p><span style=\"font-size: 10pt;\">Bestimmte Datenkategorien werden zum Zweck der Vereinschronik im Vereinsarchiv gespeichert. Hierbei handelt es sich um die Kategorien Vorname, Nachname, Zugeh\u00f6rigkeit zu einer Mannschaft, besondere sportliche Erfolge oder Ereignisse, an denen die betroffene Person mitgewirkt hat. Der Speicherung liegt ein berechtigtes Interesse des Vereins an der zeitgeschichtlichen Dokumentation von sportlichen Ereignissen und Erfolgen und der jeweiligen Zusammensetzung der Mannschaften zugrunde.<\/span><\/p>\n<p><span style=\"font-size: 10pt;\">Alle Daten der \u00fcbrigen Kategorien (z.B. Bankdaten, Anschrift, Kontaktdaten) werden mit Beendigung der Mitgliedschaft gel\u00f6scht.<\/span><\/p>\n<ol start=\"6\">\n<li><span style=\"font-size: 10pt;\">Der betroffenen Person stehen unter den in den Artikeln jeweils genannten Voraussetzungen die nachfolgenden Rechte zu:<\/span><\/li>\n<\/ol>\n<p><span style=\"font-size: 10pt;\">&#8211; das Recht auf Auskunft nach Artikel 15 DSGVO,<\/span><\/p>\n<p><span style=\"font-size: 10pt;\">&#8211; das Recht auf Berichtigung nach Artikel 16 DSGVO,<\/span><\/p>\n<p><span style=\"font-size: 10pt;\">&#8211; das Recht auf L\u00f6schung nach Artikel 17 DSGVO,<\/span><\/p>\n<p><span style=\"font-size: 10pt;\">&#8211; das Recht auf Einschr\u00e4nkung der Verarbeitung nach Artikel 18 DSGVO,<\/span><\/p>\n<p><span style=\"font-size: 10pt;\">&#8211; das Recht auf Daten\u00fcbertragbarkeit nach Artikel 20 DSGVO,<\/span><\/p>\n<p><span style=\"font-size: 10pt;\">&#8211; das Widerspruchsrecht nach Artikel 21 DSGVO,<\/span><\/p>\n<p><span style=\"font-size: 10pt;\">&#8211; das Recht auf Beschwerde bei einer Aufsichtsbeh\u00f6rde nach Artikel 77 DSGVO<\/span><\/p>\n<p><span style=\"font-size: 10pt;\">&#8211; das Recht, eine erteilte Einwilligung jederzeit widerrufen zu k\u00f6nnen, ohne dass die Rechtm\u00e4\u00dfigkeit der aufgrund der Einwilligung bis zum Widerruf erfolgten Verarbeitung hierdurch ber\u00fchrt wird.<\/span><\/p>\n<ol start=\"7\">\n<li><span style=\"font-size: 10pt;\">Die Quelle, aus der die personenbezogenen Daten stammen:<\/span><\/li>\n<\/ol>\n<p><span style=\"font-size: 10pt;\">Die personenbezogenen Daten werden grunds\u00e4tzlich im Rahmen des Erwerbs der Mitgliedschaft erhoben. <\/span><\/p>\n<p><span style=\"font-size: 10pt;\">Beschlossen auf der Jahreshauptversammlung des TSV Kaldenkirchen am 08.06.2018<\/span><\/p>\n<p>&nbsp;<\/p>\n<p><em>Quellverweis: <a href=\"http:\/\/www.e-recht24.de\/muster-disclaimer.htm\" target=\"_blank\" rel=\"noopener\">Disclaimer eRecht24<\/a><\/em><\/p>\n","protected":false},"excerpt":{"rendered":"<p>Vereinsfarben: blau-wei\u00df Vereinsanlage: Jahnkampfbahn, Buschstr. 36, 41334 Nettetal Vereinsanschrift: TSV Kaldenkirchen 1885\/07 e.V., Postfach 2471, 41334 Nettetal eMail Handballabteilung: Friedbert-Janssen-TSV@t-online.de &nbsp;&nbsp;&nbsp;&nbsp;&nbsp;&nbsp;&nbsp;&nbsp;&nbsp;&nbsp;&nbsp; oder&nbsp;&nbsp;&nbsp;&nbsp;&nbsp;&nbsp;&nbsp;&nbsp;&nbsp;&nbsp;&nbsp;&nbsp;&nbsp;&nbsp;&nbsp;&nbsp;&nbsp;&nbsp;&nbsp;&nbsp;&nbsp;&nbsp; webmaster@handball-kaldenkirchen.de &nbsp; Haftungsausschluss: Haftung f\u00fcr Inhalte Die Inhalte unserer Seiten wurden mit gr\u00f6\u00dfter Sorgfalt erstellt. F\u00fcr die Richtigkeit, Vollst\u00e4ndigkeit und Aktualit\u00e4t der Inhalte k\u00f6nnen wir jedoch keine Gew\u00e4hr \u00fcbernehmen. Als Diensteanbieter sind wir [&hellip;]<\/p>\n","protected":false},"author":1,"featured_media":0,"parent":0,"menu_order":9,"comment_status":"closed","ping_status":"closed","template":"","meta":{"ngg_post_thumbnail":0},"_links":{"self":[{"href":"http:\/\/www.handball-kaldenkirchen.de\/wordpress\/index.php?rest_route=\/wp\/v2\/pages\/46"}],"collection":[{"href":"http:\/\/www.handball-kaldenkirchen.de\/wordpress\/index.php?rest_route=\/wp\/v2\/pages"}],"about":[{"href":"http:\/\/www.handball-kaldenkirchen.de\/wordpress\/index.php?rest_route=\/wp\/v2\/types\/page"}],"author":[{"embeddable":true,"href":"http:\/\/www.handball-kaldenkirchen.de\/wordpress\/index.php?rest_route=\/wp\/v2\/users\/1"}],"replies":[{"embeddable":true,"href":"http:\/\/www.handball-kaldenkirchen.de\/wordpress\/index.php?rest_route=%2Fwp%2Fv2%2Fcomments&post=46"}],"version-history":[{"count":19,"href":"http:\/\/www.handball-kaldenkirchen.de\/wordpress\/index.php?rest_route=\/wp\/v2\/pages\/46\/revisions"}],"predecessor-version":[{"id":22181,"href":"http:\/\/www.handball-kaldenkirchen.de\/wordpress\/index.php?rest_route=\/wp\/v2\/pages\/46\/revisions\/22181"}],"wp:attachment":[{"href":"http:\/\/www.handball-kaldenkirchen.de\/wordpress\/index.php?rest_route=%2Fwp%2Fv2%2Fmedia&parent=46"}],"curies":[{"name":"wp","href":"https:\/\/api.w.org\/{rel}","templated":true}]}}