{"id":2526,"date":"2011-10-24T23:42:55","date_gmt":"2011-10-24T21:42:55","guid":{"rendered":"http:\/\/www.handball-kaldenkirchen.de\/wordpress\/?page_id=2526"},"modified":"2023-06-28T09:31:17","modified_gmt":"2023-06-28T07:31:17","slug":"downloads","status":"publish","type":"page","link":"http:\/\/www.handball-kaldenkirchen.de\/wordpress\/?page_id=2526","title":{"rendered":"Downloads"},"content":{"rendered":"<p><span style=\"font-family: verdana,geneva; font-size: small;\"><strong>Hier k\u00f6nnt ihr verschiedene Dokumente downloaden:<\/strong><\/span><\/p>\n<table style=\"width: 611px; height: 107px;\" border=\"0\">\n<tbody>\n<tr>\n<td>&nbsp;<\/td>\n<td>&nbsp;<\/td>\n<\/tr>\n<tr>\n<td><em><span style=\"font-family: verdana,geneva; font-size: small;\">Bedienungsanleitung Zeitanzeige Ravensstr.<\/span><\/em><\/td>\n<td><span style=\"font-family: verdana,geneva; font-size: small;\"><a href=\"http:\/\/www.handball-kaldenkirchen.de\/wordpress\/wp-content\/uploads\/2011\/11\/Bedienungsanleitung-mit-Bedienpult-Zeitanzeige-Ravensstr..pdf\">Bedienungsanleitung mit Bedienpult Zeitanzeige Ravensstr.<\/a><\/span><\/td>\n<\/tr>\n<tr>\n<td><em><span style=\"font-family: verdana,geneva; font-size: small;\">HVN Zeitstrafenzettel<\/span><\/em><\/td>\n<td><span style=\"font-family: verdana,geneva; font-size: small;\"><a title=\"Zeitstrafenzettel\" href=\"http:\/\/www.handball-kaldenkirchen.de\/wordpress\/wp-content\/uploads\/2011\/10\/zs_hinausstellungen_formular.pdf\" target=\"_blank\" rel=\"noopener noreferrer\">Zeitstrafenzettel<\/a><\/span><\/td>\n<\/tr>\n<tr>\n<td><em><span style=\"font-family: verdana,geneva; font-size: small;\"> TSV-Song &#8222;Wei\u00df und blau&#8220;<\/span><\/em><\/td>\n<td><span style=\"font-family: verdana,geneva; font-size: small;\"><a title=\"Blau und Wei\u00df\" href=\"http:\/\/www.handball-kaldenkirchen.de\/wordpress\/wp-content\/uploads\/2012\/01\/WeiB-und-Blau-Single.mp3\">Wei\u00df und blau&nbsp;MP3<\/a><\/span><\/td>\n<\/tr>\n<tr>\n<td>&nbsp;<\/td>\n<td><span style=\"font-family: verdana,geneva; font-size: small;\"><a title=\"Blau und Wei\u00df\" href=\"http:\/\/www.handball-kaldenkirchen.de\/wordpress\/wp-content\/uploads\/2012\/02\/Wei\u00df-und-blau-Text.pdf\">Wei\u00df und blau Text.PDF<\/a><\/span><\/td>\n<\/tr>\n<\/tbody>\n<\/table>\n<p>&nbsp;<\/p>\n","protected":false},"excerpt":{"rendered":"<p>Hier k\u00f6nnt ihr verschiedene Dokumente downloaden: &nbsp; &nbsp; Bedienungsanleitung Zeitanzeige Ravensstr. Bedienungsanleitung mit Bedienpult Zeitanzeige Ravensstr. HVN Zeitstrafenzettel Zeitstrafenzettel TSV-Song &#8222;Wei\u00df und blau&#8220; Wei\u00df und blau&nbsp;MP3 &nbsp; Wei\u00df und blau Text.PDF &nbsp;<\/p>\n","protected":false},"author":5,"featured_media":0,"parent":2313,"menu_order":4,"comment_status":"closed","ping_status":"closed","template":"","meta":{"ngg_post_thumbnail":0},"_links":{"self":[{"href":"http:\/\/www.handball-kaldenkirchen.de\/wordpress\/index.php?rest_route=\/wp\/v2\/pages\/2526"}],"collection":[{"href":"http:\/\/www.handball-kaldenkirchen.de\/wordpress\/index.php?rest_route=\/wp\/v2\/pages"}],"about":[{"href":"http:\/\/www.handball-kaldenkirchen.de\/wordpress\/index.php?rest_route=\/wp\/v2\/types\/page"}],"author":[{"embeddable":true,"href":"http:\/\/www.handball-kaldenkirchen.de\/wordpress\/index.php?rest_route=\/wp\/v2\/users\/5"}],"replies":[{"embeddable":true,"href":"http:\/\/www.handball-kaldenkirchen.de\/wordpress\/index.php?rest_route=%2Fwp%2Fv2%2Fcomments&post=2526"}],"version-history":[{"count":55,"href":"http:\/\/www.handball-kaldenkirchen.de\/wordpress\/index.php?rest_route=\/wp\/v2\/pages\/2526\/revisions"}],"predecessor-version":[{"id":22190,"href":"http:\/\/www.handball-kaldenkirchen.de\/wordpress\/index.php?rest_route=\/wp\/v2\/pages\/2526\/revisions\/22190"}],"up":[{"embeddable":true,"href":"http:\/\/www.handball-kaldenkirchen.de\/wordpress\/index.php?rest_route=\/wp\/v2\/pages\/2313"}],"wp:attachment":[{"href":"http:\/\/www.handball-kaldenkirchen.de\/wordpress\/index.php?rest_route=%2Fwp%2Fv2%2Fmedia&parent=2526"}],"curies":[{"name":"wp","href":"https:\/\/api.w.org\/{rel}","templated":true}]}}