{"id":22974,"date":"2024-10-04T10:33:14","date_gmt":"2024-10-04T08:33:14","guid":{"rendered":"http:\/\/www.handball-kaldenkirchen.de\/wordpress\/?page_id=22974"},"modified":"2025-09-13T07:54:03","modified_gmt":"2025-09-13T05:54:03","slug":"jungen-d","status":"publish","type":"page","link":"http:\/\/www.handball-kaldenkirchen.de\/wordpress\/?page_id=22974","title":{"rendered":"Jungen D"},"content":{"rendered":"ngg_shortcode_0_placeholder\n<p>Stehend, v.l.n.r: Trainer Julian Th\u00f6nissen, Marlon M\u00fchlke, Johnny Fuchs, Sunny Peltner, Paul Moors, Niklas Fischer, Philipp Trienekens, Trainer Benjamin Mast<\/p>\n<p>Sitzend, v.l.n.r: Colin Rook, Till Schmitz, Tilo Th\u00f6nissen, Andre J\u00fcrgens, Julian B\u00fcschkes, Elias Mast<\/p>\n<p>Es fehlen: Tom Lovisa, Levin Fritz, Jonah Gerits, Henry Holthausen und Trainer Henry Booth<\/p>\n<p>Foto: A. Zorn<\/p>\n<h3><a href=\"https:\/\/hnr-handball.liga.nu\/cgi-bin\/WebObjects\/nuLigaHBDE.woa\/wa\/groupPage?championship=KG+25%2F26&amp;group=424010\">NuLiga Spielplan und Tabelle<\/a><\/h3>\n<h3><strong>Training: <\/strong><a title=\"Trainingszeiten\" href=\"http:\/\/www.handball-kaldenkirchen.de\/wordpress\/?page_id=758\">siehe Trainingsplan<\/a><\/h3>\n","protected":false},"excerpt":{"rendered":"<p>Stehend, v.l.n.r: Trainer Julian Th\u00f6nissen, Marlon M\u00fchlke, Johnny Fuchs, Sunny Peltner, Paul Moors, Niklas Fischer, Philipp Trienekens, Trainer Benjamin Mast Sitzend, v.l.n.r: Colin Rook, Till Schmitz, Tilo Th\u00f6nissen, Andre J\u00fcrgens, Julian B\u00fcschkes, Elias Mast Es fehlen: Tom Lovisa, Levin Fritz, Jonah Gerits, Henry Holthausen und Trainer Henry Booth Foto: A. Zorn NuLiga Spielplan und Tabelle [&hellip;]<\/p>\n","protected":false},"author":5,"featured_media":0,"parent":0,"menu_order":0,"comment_status":"closed","ping_status":"closed","template":"","meta":{"ngg_post_thumbnail":0},"_links":{"self":[{"href":"http:\/\/www.handball-kaldenkirchen.de\/wordpress\/index.php?rest_route=\/wp\/v2\/pages\/22974"}],"collection":[{"href":"http:\/\/www.handball-kaldenkirchen.de\/wordpress\/index.php?rest_route=\/wp\/v2\/pages"}],"about":[{"href":"http:\/\/www.handball-kaldenkirchen.de\/wordpress\/index.php?rest_route=\/wp\/v2\/types\/page"}],"author":[{"embeddable":true,"href":"http:\/\/www.handball-kaldenkirchen.de\/wordpress\/index.php?rest_route=\/wp\/v2\/users\/5"}],"replies":[{"embeddable":true,"href":"http:\/\/www.handball-kaldenkirchen.de\/wordpress\/index.php?rest_route=%2Fwp%2Fv2%2Fcomments&post=22974"}],"version-history":[{"count":9,"href":"http:\/\/www.handball-kaldenkirchen.de\/wordpress\/index.php?rest_route=\/wp\/v2\/pages\/22974\/revisions"}],"predecessor-version":[{"id":23326,"href":"http:\/\/www.handball-kaldenkirchen.de\/wordpress\/index.php?rest_route=\/wp\/v2\/pages\/22974\/revisions\/23326"}],"wp:attachment":[{"href":"http:\/\/www.handball-kaldenkirchen.de\/wordpress\/index.php?rest_route=%2Fwp%2Fv2%2Fmedia&parent=22974"}],"curies":[{"name":"wp","href":"https:\/\/api.w.org\/{rel}","templated":true}]}}